{"id":1101,"date":"2020-09-09T14:16:33","date_gmt":"2020-09-09T17:16:33","guid":{"rendered":"https:\/\/ftaabecar.org\/?page_id=1101"},"modified":"2023-10-26T15:35:54","modified_gmt":"2023-10-26T18:35:54","slug":"matricula","status":"publish","type":"page","link":"https:\/\/ftaabecar.org\/index.php\/matricula\/","title":{"rendered":"Matr\u00edcula"},"content":{"rendered":"\t\t<div data-elementor-type=\"wp-post\" data-elementor-id=\"1101\" class=\"elementor elementor-1101\">\n\t\t\t\t\t\t<section class=\"elementor-section elementor-top-section elementor-element elementor-element-53b28d2d elementor-section-content-middle elementor-section-boxed elementor-section-height-default elementor-section-height-default\" data-id=\"53b28d2d\" data-element_type=\"section\">\n\t\t\t\t\t\t<div class=\"elementor-container elementor-column-gap-extended\">\n\t\t\t\t\t<div class=\"elementor-column elementor-col-100 elementor-top-column elementor-element elementor-element-1d5dcda9\" data-id=\"1d5dcda9\" data-element_type=\"column\" data-settings=\"{&quot;background_background&quot;:&quot;classic&quot;}\">\n\t\t\t<div class=\"elementor-widget-wrap elementor-element-populated\">\n\t\t\t\t\t<div class=\"elementor-background-overlay\"><\/div>\n\t\t\t\t\t\t<div class=\"elementor-element elementor-element-3fb36a3c elementor-widget elementor-widget-heading\" data-id=\"3fb36a3c\" data-element_type=\"widget\" data-widget_type=\"heading.default\">\n\t\t\t\t<div class=\"elementor-widget-container\">\n\t\t\t\t\t<h3 class=\"elementor-heading-title elementor-size-default\">Cursos e valor de investimento:\n<\/h3>\t\t\t\t<\/div>\n\t\t\t\t<\/div>\n\t\t\t\t<div class=\"elementor-element elementor-element-1fa69725 elementor-widget elementor-widget-text-editor\" data-id=\"1fa69725\" data-element_type=\"widget\" data-widget_type=\"text-editor.default\">\n\t\t\t\t<div class=\"elementor-widget-container\">\n\t\t\t\t\t\t\t\t\t<h5 style=\"text-align: left;\"><strong><span style=\"color: #0e5aae;\"><span class=\"wz-bold\">Lideran\u00e7a Ministerial<\/span> (matr\u00edcula e mensalidade)\u00a0 \u00a0 \u00a0 \u00a0 \u00a0 \u00a0 \u00a0 \u00a0 R$ 168,00<\/span><\/strong><\/h5><h5><strong><span style=\"color: #0e5aae;\"><span class=\"wz-bold\">Licenciatura e Bacharelado<\/span> (matr\u00edcula e mensalidade)\u00a0 \u00a0 \u00a0 R$ 231,00<\/span><\/strong><\/h5><h5><strong><span style=\"color: #0e5aae;\"><span class=\"wz-bold\">Mestrado semi presencial <\/span><span class=\"\">(matr\u00edcula e mensalidade)\u00a0<\/span><span class=\"wz-bold\"> \u00a0 \u00a0 \u00a0 <\/span><span class=\"\">R$ 248,00 <\/span><span class=\"wz-bold\"><br \/><\/span><\/span><\/strong><\/h5><h5><strong><span style=\"color: #0e5aae;\"><span class=\"wz-bold\">Mestrado EAD<\/span>\u00a0 (matr\u00edcula e mensalidade)\u00a0 \u00a0 \u00a0 \u00a0 \u00a0 \u00a0 \u00a0 \u00a0 \u00a0 \u00a0 \u00a0 \u00a0 \u00a0 R$ 248,00<\/span><\/strong><\/h5><h5><strong><span style=\"color: #0e5aae;\"><span class=\"wz-bold\">Doutorado semi presencial\u00a0<\/span> (matr\u00edcula e mensalidade)\u00a0 \u00a0 R$ 319,00<\/span><\/strong><\/h5><h5 style=\"text-align: left;\"><strong><span style=\"color: #0e5aae;\"><span class=\"wz-bold\">Doutorado EAD<\/span> (matr\u00edcula e mensalidade)\u00a0 \u00a0 \u00a0 \u00a0 \u00a0 \u00a0 \u00a0 \u00a0 \u00a0 \u00a0 \u00a0 \u00a0 \u00a0 R$ 334,30<\/span><\/strong><\/h5>\t\t\t\t\t\t\t\t<\/div>\n\t\t\t\t<\/div>\n\t\t\t\t<section class=\"elementor-section elementor-inner-section elementor-element elementor-element-4bfb19a9 elementor-section-content-top elementor-section-boxed elementor-section-height-default elementor-section-height-default\" data-id=\"4bfb19a9\" data-element_type=\"section\">\n\t\t\t\t\t\t<div class=\"elementor-container elementor-column-gap-no\">\n\t\t\t\t\t<div class=\"elementor-column elementor-col-50 elementor-inner-column elementor-element elementor-element-1cb47a82\" data-id=\"1cb47a82\" data-element_type=\"column\">\n\t\t\t<div class=\"elementor-widget-wrap elementor-element-populated\">\n\t\t\t\t\t\t<div class=\"elementor-element elementor-element-76216b7 elementor-widget elementor-widget-heading\" data-id=\"76216b7\" data-element_type=\"widget\" data-widget_type=\"heading.default\">\n\t\t\t\t<div class=\"elementor-widget-container\">\n\t\t\t\t\t<h3 class=\"elementor-heading-title elementor-size-default\">Selecione o curso<\/h3>\t\t\t\t<\/div>\n\t\t\t\t<\/div>\n\t\t\t\t<div class=\"elementor-element elementor-element-fb5eda3 elementor-widget elementor-widget-wpforms\" data-id=\"fb5eda3\" data-element_type=\"widget\" data-widget_type=\"wpforms.default\">\n\t\t\t\t<div class=\"elementor-widget-container\">\n\t\t\t\t\t<div class=\"wpforms-container \" id=\"wpforms-1100\"><form id=\"wpforms-form-1100\" class=\"wpforms-validate wpforms-form\" data-formid=\"1100\" method=\"post\" enctype=\"multipart\/form-data\" action=\"\/index.php\/wp-json\/wp\/v2\/pages\/1101\" data-token=\"42afd86c2eed1883c4c0129f095ceeee\" data-token-time=\"1776508490\"><noscript class=\"wpforms-error-noscript\">Ative o JavaScript no seu navegador para preencher este formul\u00e1rio.<\/noscript><div class=\"wpforms-field-container\"><div id=\"wpforms-1100-field_1-container\" class=\"wpforms-field wpforms-field-checkbox\" data-field-id=\"1\"><label class=\"wpforms-field-label\">Cursos <span class=\"wpforms-required-label\">*<\/span><\/label><ul id=\"wpforms-1100-field_1\" class=\"wpforms-field-required\"><li class=\"choice-1 depth-1\"><input type=\"checkbox\" id=\"wpforms-1100-field_1_1\" name=\"wpforms[fields][1][]\" value=\"Lideran\u00e7a Ministerial EAD\" required ><label class=\"wpforms-field-label-inline\" for=\"wpforms-1100-field_1_1\">Lideran\u00e7a Ministerial EAD<\/label><\/li><li class=\"choice-2 depth-1\"><input type=\"checkbox\" id=\"wpforms-1100-field_1_2\" name=\"wpforms[fields][1][]\" value=\"Licenciatura em Teologia Livre EAD\" required ><label class=\"wpforms-field-label-inline\" for=\"wpforms-1100-field_1_2\">Licenciatura em Teologia Livre EAD<\/label><\/li><li class=\"choice-3 depth-1\"><input type=\"checkbox\" id=\"wpforms-1100-field_1_3\" name=\"wpforms[fields][1][]\" value=\"Bacharelado Livre em Teologia\" required ><label class=\"wpforms-field-label-inline\" for=\"wpforms-1100-field_1_3\">Bacharelado Livre em Teologia<\/label><\/li><li class=\"choice-4 depth-1\"><input type=\"checkbox\" id=\"wpforms-1100-field_1_4\" name=\"wpforms[fields][1][]\" value=\"Mestrado semi presencial\" required ><label class=\"wpforms-field-label-inline\" for=\"wpforms-1100-field_1_4\">Mestrado semi presencial<\/label><\/li><li class=\"choice-5 depth-1\"><input type=\"checkbox\" id=\"wpforms-1100-field_1_5\" name=\"wpforms[fields][1][]\" value=\"Mestrado EAD\" required ><label class=\"wpforms-field-label-inline\" for=\"wpforms-1100-field_1_5\">Mestrado EAD<\/label><\/li><li class=\"choice-6 depth-1\"><input type=\"checkbox\" id=\"wpforms-1100-field_1_6\" name=\"wpforms[fields][1][]\" value=\"Doutorado semi presencial\" required ><label class=\"wpforms-field-label-inline\" for=\"wpforms-1100-field_1_6\">Doutorado semi presencial<\/label><\/li><li class=\"choice-7 depth-1\"><input type=\"checkbox\" id=\"wpforms-1100-field_1_7\" name=\"wpforms[fields][1][]\" value=\" Doutorado EAD\" required ><label class=\"wpforms-field-label-inline\" for=\"wpforms-1100-field_1_7\">Doutorado EAD<\/label><\/li><\/ul><\/div><div id=\"wpforms-1100-field_2-container\" class=\"wpforms-field wpforms-field-name\" data-field-id=\"2\"><label class=\"wpforms-field-label\">Nome <span class=\"wpforms-required-label\">*<\/span><\/label><div class=\"wpforms-field-row wpforms-field-medium\"><div class=\"wpforms-field-row-block wpforms-first wpforms-one-half\"><input type=\"text\" id=\"wpforms-1100-field_2\" class=\"wpforms-field-name-first wpforms-field-required\" name=\"wpforms[fields][2][first]\" required><label for=\"wpforms-1100-field_2\" class=\"wpforms-field-sublabel after\">Nome<\/label><\/div><div class=\"wpforms-field-row-block wpforms-one-half\"><input type=\"text\" id=\"wpforms-1100-field_2-last\" class=\"wpforms-field-name-last wpforms-field-required\" name=\"wpforms[fields][2][last]\" required><label for=\"wpforms-1100-field_2-last\" class=\"wpforms-field-sublabel after\">Sobrenome<\/label><\/div><\/div><\/div><div id=\"wpforms-1100-field_4-container\" class=\"wpforms-field wpforms-field-text\" data-field-id=\"4\"><label class=\"wpforms-field-label\" for=\"wpforms-1100-field_4\">Endere\u00e7o <span class=\"wpforms-required-label\">*<\/span><\/label><input type=\"text\" id=\"wpforms-1100-field_4\" class=\"wpforms-field-medium wpforms-field-required\" name=\"wpforms[fields][4]\" required><\/div><div id=\"wpforms-1100-field_8-container\" class=\"wpforms-field wpforms-field-name\" data-field-id=\"8\"><label class=\"wpforms-field-label wpforms-label-hide\" for=\"wpforms-1100-field_8\">Cidade <span class=\"wpforms-required-label\">*<\/span><\/label><div class=\"wpforms-field-row wpforms-field-medium\"><div class=\"wpforms-field-row-block wpforms-first wpforms-one-half\"><input type=\"text\" id=\"wpforms-1100-field_8\" class=\"wpforms-field-name-first wpforms-field-required\" name=\"wpforms[fields][8][first]\" placeholder=\"Cidade\" required><label for=\"wpforms-1100-field_8\" class=\"wpforms-field-sublabel after wpforms-sublabel-hide\">Nome<\/label><\/div><div class=\"wpforms-field-row-block wpforms-one-half\"><input type=\"text\" id=\"wpforms-1100-field_8-last\" class=\"wpforms-field-name-last wpforms-field-required\" name=\"wpforms[fields][8][last]\" placeholder=\"Estado\" required><label for=\"wpforms-1100-field_8-last\" class=\"wpforms-field-sublabel after wpforms-sublabel-hide\">Sobrenome<\/label><\/div><\/div><\/div><div id=\"wpforms-1100-field_18-container\" class=\"wpforms-field wpforms-field-text\" data-field-id=\"18\"><label class=\"wpforms-field-label\" for=\"wpforms-1100-field_18\">Cep<\/label><input type=\"text\" id=\"wpforms-1100-field_18\" class=\"wpforms-field-medium\" name=\"wpforms[fields][18]\" ><\/div><div id=\"wpforms-1100-field_10-container\" class=\"wpforms-field wpforms-field-email\" data-field-id=\"10\"><label class=\"wpforms-field-label\" for=\"wpforms-1100-field_10\">E-mail <span class=\"wpforms-required-label\">*<\/span><\/label><input type=\"email\" id=\"wpforms-1100-field_10\" class=\"wpforms-field-medium wpforms-field-required\" name=\"wpforms[fields][10]\" spellcheck=\"false\" required><\/div><div id=\"wpforms-1100-field_20-container\" class=\"wpforms-field wpforms-field-text\" data-field-id=\"20\"><label class=\"wpforms-field-label\" for=\"wpforms-1100-field_20\">Tel.\/WhatsApp <span class=\"wpforms-required-label\">*<\/span><\/label><input type=\"text\" id=\"wpforms-1100-field_20\" class=\"wpforms-field-medium wpforms-field-required\" name=\"wpforms[fields][20]\" required><\/div><div id=\"wpforms-1100-field_19-container\" class=\"wpforms-field wpforms-field-text\" data-field-id=\"19\"><label class=\"wpforms-field-label\" for=\"wpforms-1100-field_19\">Data de Nascimento <span class=\"wpforms-required-label\">*<\/span><\/label><input type=\"text\" id=\"wpforms-1100-field_19\" class=\"wpforms-field-medium wpforms-field-required\" name=\"wpforms[fields][19]\" value=\"04\/18\/2026\" required><\/div><div id=\"wpforms-1100-field_13-container\" class=\"wpforms-field wpforms-field-text\" data-field-id=\"13\"><label class=\"wpforms-field-label\" for=\"wpforms-1100-field_13\">Estado Civil <span class=\"wpforms-required-label\">*<\/span><\/label><input type=\"text\" id=\"wpforms-1100-field_13\" class=\"wpforms-field-medium wpforms-field-required\" name=\"wpforms[fields][13]\" required><\/div><div id=\"wpforms-1100-field_14-container\" class=\"wpforms-field wpforms-field-text\" data-field-id=\"14\"><label class=\"wpforms-field-label\" for=\"wpforms-1100-field_14\">Membro da igreja <span class=\"wpforms-required-label\">*<\/span><\/label><input type=\"text\" id=\"wpforms-1100-field_14\" class=\"wpforms-field-medium wpforms-field-required\" name=\"wpforms[fields][14]\" required><\/div><div id=\"wpforms-1100-field_15-container\" class=\"wpforms-field wpforms-field-text\" data-field-id=\"15\"><label class=\"wpforms-field-label\" for=\"wpforms-1100-field_15\">Profiss\u00e3o <span class=\"wpforms-required-label\">*<\/span><\/label><input type=\"text\" id=\"wpforms-1100-field_15\" class=\"wpforms-field-medium wpforms-field-required\" name=\"wpforms[fields][15]\" required><\/div><div id=\"wpforms-1100-field_16-container\" class=\"wpforms-field wpforms-field-checkbox\" data-field-id=\"16\"><label class=\"wpforms-field-label\">Ensino M\u00e9dio <span class=\"wpforms-required-label\">*<\/span><\/label><ul id=\"wpforms-1100-field_16\" class=\"wpforms-field-required\"><li class=\"choice-1 depth-1\"><input type=\"checkbox\" id=\"wpforms-1100-field_16_1\" name=\"wpforms[fields][16][]\" value=\"Completo\" required ><label class=\"wpforms-field-label-inline\" for=\"wpforms-1100-field_16_1\">Completo<\/label><\/li><li class=\"choice-2 depth-1\"><input type=\"checkbox\" id=\"wpforms-1100-field_16_2\" name=\"wpforms[fields][16][]\" value=\"Incompleto\" required ><label class=\"wpforms-field-label-inline\" for=\"wpforms-1100-field_16_2\">Incompleto<\/label><\/li><\/ul><\/div><div id=\"wpforms-1100-field_17-container\" class=\"wpforms-field wpforms-field-checkbox\" data-field-id=\"17\"><label class=\"wpforms-field-label\">Curso Superior <span class=\"wpforms-required-label\">*<\/span><\/label><ul id=\"wpforms-1100-field_17\" class=\"wpforms-field-required\"><li class=\"choice-1 depth-1\"><input type=\"checkbox\" id=\"wpforms-1100-field_17_1\" name=\"wpforms[fields][17][]\" value=\"Completo\" required ><label class=\"wpforms-field-label-inline\" for=\"wpforms-1100-field_17_1\">Completo<\/label><\/li><li class=\"choice-2 depth-1\"><input type=\"checkbox\" id=\"wpforms-1100-field_17_2\" name=\"wpforms[fields][17][]\" value=\"Incompleto\" required ><label class=\"wpforms-field-label-inline\" for=\"wpforms-1100-field_17_2\">Incompleto<\/label><\/li><\/ul><\/div><div id=\"wpforms-1100-field_22-container\" class=\"wpforms-field wpforms-field-textarea\" data-field-id=\"22\"><label class=\"wpforms-field-label\" for=\"wpforms-1100-field_22\">Mensagem - Solicita\u00e7\u00f5es<\/label><textarea id=\"wpforms-1100-field_22\" class=\"wpforms-field-medium\" name=\"wpforms[fields][22]\" ><\/textarea><\/div><\/div><!-- .wpforms-field-container --><div class=\"wpforms-submit-container\" ><input type=\"hidden\" name=\"wpforms[id]\" value=\"1100\"><input type=\"hidden\" name=\"page_title\" value=\"\"><input type=\"hidden\" name=\"page_url\" value=\"https:\/\/ftaabecar.org\/index.php\/wp-json\/wp\/v2\/pages\/1101\"><input type=\"hidden\" name=\"url_referer\" value=\"\"><button type=\"submit\" name=\"wpforms[submit]\" id=\"wpforms-submit-1100\" class=\"wpforms-submit\" data-alt-text=\"Enviando...\" data-submit-text=\"Enviar\" aria-live=\"assertive\" value=\"wpforms-submit\">Enviar<\/button><\/div><\/form><\/div>  <!-- .wpforms-container -->\t\t\t\t<\/div>\n\t\t\t\t<\/div>\n\t\t\t\t\t<\/div>\n\t\t<\/div>\n\t\t\t\t<div class=\"elementor-column elementor-col-50 elementor-inner-column elementor-element elementor-element-5612b40e\" data-id=\"5612b40e\" data-element_type=\"column\">\n\t\t\t<div class=\"elementor-widget-wrap\">\n\t\t\t\t\t\t\t<\/div>\n\t\t<\/div>\n\t\t\t\t\t<\/div>\n\t\t<\/section>\n\t\t\t\t\t<\/div>\n\t\t<\/div>\n\t\t\t\t\t<\/div>\n\t\t<\/section>\n\t\t\t\t<\/div>\n\t\t","protected":false},"excerpt":{"rendered":"<p>Cursos e valor de investimento: Lideran\u00e7a Ministerial (matr\u00edcula e mensalidade)\u00a0 \u00a0 \u00a0 \u00a0 \u00a0 \u00a0 \u00a0 \u00a0 R$ 168,00 Licenciatura e Bacharelado (matr\u00edcula e mensalidade)\u00a0 \u00a0 \u00a0 R$ 231,00 Mestrado semi presencial (matr\u00edcula e mensalidade)\u00a0 \u00a0 \u00a0 \u00a0 R$ 248,00 Mestrado EAD\u00a0 (matr\u00edcula e mensalidade)\u00a0 \u00a0 \u00a0 \u00a0 \u00a0 \u00a0 \u00a0 \u00a0 \u00a0 \u00a0 \u00a0 [&hellip;]<\/p>\n","protected":false},"author":1,"featured_media":0,"parent":0,"menu_order":0,"comment_status":"closed","ping_status":"closed","template":"","meta":{"site-sidebar-layout":"no-sidebar","site-content-layout":"page-builder","ast-site-content-layout":"","site-content-style":"default","site-sidebar-style":"default","ast-global-header-display":"","ast-banner-title-visibility":"","ast-main-header-display":"","ast-hfb-above-header-display":"","ast-hfb-below-header-display":"","ast-hfb-mobile-header-display":"","site-post-title":"disabled","ast-breadcrumbs-content":"","ast-featured-img":"disabled","footer-sml-layout":"","theme-transparent-header-meta":"default","adv-header-id-meta":"","stick-header-meta":"","header-above-stick-meta":"","header-main-stick-meta":"","header-below-stick-meta":"","astra-migrate-meta-layouts":"default","ast-page-background-enabled":"default","ast-page-background-meta":{"desktop":{"background-color":"var(--ast-global-color-4)","background-image":"","background-repeat":"repeat","background-position":"center center","background-size":"auto","background-attachment":"scroll","background-type":"","background-media":"","overlay-type":"","overlay-color":"","overlay-opacity":"","overlay-gradient":""},"tablet":{"background-color":"","background-image":"","background-repeat":"repeat","background-position":"center center","background-size":"auto","background-attachment":"scroll","background-type":"","background-media":"","overlay-type":"","overlay-color":"","overlay-opacity":"","overlay-gradient":""},"mobile":{"background-color":"","background-image":"","background-repeat":"repeat","background-position":"center center","background-size":"auto","background-attachment":"scroll","background-type":"","background-media":"","overlay-type":"","overlay-color":"","overlay-opacity":"","overlay-gradient":""}},"ast-content-background-meta":{"desktop":{"background-color":"var(--ast-global-color-5)","background-image":"","background-repeat":"repeat","background-position":"center center","background-size":"auto","background-attachment":"scroll","background-type":"","background-media":"","overlay-type":"","overlay-color":"","overlay-opacity":"","overlay-gradient":""},"tablet":{"background-color":"var(--ast-global-color-5)","background-image":"","background-repeat":"repeat","background-position":"center center","background-size":"auto","background-attachment":"scroll","background-type":"","background-media":"","overlay-type":"","overlay-color":"","overlay-opacity":"","overlay-gradient":""},"mobile":{"background-color":"var(--ast-global-color-5)","background-image":"","background-repeat":"repeat","background-position":"center center","background-size":"auto","background-attachment":"scroll","background-type":"","background-media":"","overlay-type":"","overlay-color":"","overlay-opacity":"","overlay-gradient":""}},"_joinchat":[],"footnotes":""},"class_list":["post-1101","page","type-page","status-publish","hentry"],"yoast_head":"<!-- This site is optimized with the Yoast SEO plugin v24.1 - https:\/\/yoast.com\/wordpress\/plugins\/seo\/ -->\n<title>Matr\u00edcula - Faculdade Teol\u00f3gica Abecar<\/title>\n<meta name=\"robots\" content=\"index, follow, max-snippet:-1, max-image-preview:large, max-video-preview:-1\" \/>\n<link rel=\"canonical\" href=\"https:\/\/ftaabecar.org\/index.php\/matricula\/\" \/>\n<meta property=\"og:locale\" content=\"pt_BR\" \/>\n<meta property=\"og:type\" content=\"article\" \/>\n<meta property=\"og:title\" content=\"Matr\u00edcula - Faculdade Teol\u00f3gica Abecar\" \/>\n<meta property=\"og:description\" content=\"Cursos e valor de investimento: Lideran\u00e7a Ministerial (matr\u00edcula e mensalidade)\u00a0 \u00a0 \u00a0 \u00a0 \u00a0 \u00a0 \u00a0 \u00a0 R$ 168,00 Licenciatura e Bacharelado (matr\u00edcula e mensalidade)\u00a0 \u00a0 \u00a0 R$ 231,00 Mestrado semi presencial (matr\u00edcula e mensalidade)\u00a0 \u00a0 \u00a0 \u00a0 R$ 248,00 Mestrado EAD\u00a0 (matr\u00edcula e mensalidade)\u00a0 \u00a0 \u00a0 \u00a0 \u00a0 \u00a0 \u00a0 \u00a0 \u00a0 \u00a0 \u00a0 [&hellip;]\" \/>\n<meta property=\"og:url\" content=\"https:\/\/ftaabecar.org\/index.php\/matricula\/\" \/>\n<meta property=\"og:site_name\" content=\"Faculdade Teol\u00f3gica Abecar\" \/>\n<meta property=\"article:publisher\" content=\"https:\/\/www.facebook.com\/ftaabecar\" \/>\n<meta property=\"article:modified_time\" content=\"2023-10-26T18:35:54+00:00\" \/>\n<meta name=\"twitter:card\" content=\"summary_large_image\" \/>\n<meta name=\"twitter:label1\" content=\"Est. tempo de leitura\" \/>\n\t<meta name=\"twitter:data1\" content=\"1 minuto\" \/>\n<script type=\"application\/ld+json\" class=\"yoast-schema-graph\">{\"@context\":\"https:\/\/schema.org\",\"@graph\":[{\"@type\":\"WebPage\",\"@id\":\"https:\/\/ftaabecar.org\/index.php\/matricula\/\",\"url\":\"https:\/\/ftaabecar.org\/index.php\/matricula\/\",\"name\":\"Matr\u00edcula - Faculdade Teol\u00f3gica Abecar\",\"isPartOf\":{\"@id\":\"https:\/\/ftaabecar.org\/#website\"},\"datePublished\":\"2020-09-09T17:16:33+00:00\",\"dateModified\":\"2023-10-26T18:35:54+00:00\",\"breadcrumb\":{\"@id\":\"https:\/\/ftaabecar.org\/index.php\/matricula\/#breadcrumb\"},\"inLanguage\":\"pt-BR\",\"potentialAction\":[{\"@type\":\"ReadAction\",\"target\":[\"https:\/\/ftaabecar.org\/index.php\/matricula\/\"]}]},{\"@type\":\"BreadcrumbList\",\"@id\":\"https:\/\/ftaabecar.org\/index.php\/matricula\/#breadcrumb\",\"itemListElement\":[{\"@type\":\"ListItem\",\"position\":1,\"name\":\"In\u00edcio\",\"item\":\"https:\/\/ftaabecar.org\/\"},{\"@type\":\"ListItem\",\"position\":2,\"name\":\"Matr\u00edcula\"}]},{\"@type\":\"WebSite\",\"@id\":\"https:\/\/ftaabecar.org\/#website\",\"url\":\"https:\/\/ftaabecar.org\/\",\"name\":\"Faculdade Teol\u00f3gica Abecar\",\"description\":\"Mais perto de voc\u00ea\",\"publisher\":{\"@id\":\"https:\/\/ftaabecar.org\/#organization\"},\"potentialAction\":[{\"@type\":\"SearchAction\",\"target\":{\"@type\":\"EntryPoint\",\"urlTemplate\":\"https:\/\/ftaabecar.org\/?s={search_term_string}\"},\"query-input\":{\"@type\":\"PropertyValueSpecification\",\"valueRequired\":true,\"valueName\":\"search_term_string\"}}],\"inLanguage\":\"pt-BR\"},{\"@type\":\"Organization\",\"@id\":\"https:\/\/ftaabecar.org\/#organization\",\"name\":\"Faculdade Teol\u00f3gica Abecar\",\"url\":\"https:\/\/ftaabecar.org\/\",\"logo\":{\"@type\":\"ImageObject\",\"inLanguage\":\"pt-BR\",\"@id\":\"https:\/\/ftaabecar.org\/#\/schema\/logo\/image\/\",\"url\":\"https:\/\/ftaabecar.org\/wp-content\/uploads\/2022\/06\/Como-Estudar-2.png\",\"contentUrl\":\"https:\/\/ftaabecar.org\/wp-content\/uploads\/2022\/06\/Como-Estudar-2.png\",\"width\":1080,\"height\":1080,\"caption\":\"Faculdade Teol\u00f3gica Abecar\"},\"image\":{\"@id\":\"https:\/\/ftaabecar.org\/#\/schema\/logo\/image\/\"},\"sameAs\":[\"https:\/\/www.facebook.com\/ftaabecar\",\"https:\/\/www.instagram.com\/ftaabecar\/\"]}]}<\/script>\n<!-- \/ Yoast SEO plugin. -->","yoast_head_json":{"title":"Matr\u00edcula - Faculdade Teol\u00f3gica Abecar","robots":{"index":"index","follow":"follow","max-snippet":"max-snippet:-1","max-image-preview":"max-image-preview:large","max-video-preview":"max-video-preview:-1"},"canonical":"https:\/\/ftaabecar.org\/index.php\/matricula\/","og_locale":"pt_BR","og_type":"article","og_title":"Matr\u00edcula - Faculdade Teol\u00f3gica Abecar","og_description":"Cursos e valor de investimento: Lideran\u00e7a Ministerial (matr\u00edcula e mensalidade)\u00a0 \u00a0 \u00a0 \u00a0 \u00a0 \u00a0 \u00a0 \u00a0 R$ 168,00 Licenciatura e Bacharelado (matr\u00edcula e mensalidade)\u00a0 \u00a0 \u00a0 R$ 231,00 Mestrado semi presencial (matr\u00edcula e mensalidade)\u00a0 \u00a0 \u00a0 \u00a0 R$ 248,00 Mestrado EAD\u00a0 (matr\u00edcula e mensalidade)\u00a0 \u00a0 \u00a0 \u00a0 \u00a0 \u00a0 \u00a0 \u00a0 \u00a0 \u00a0 \u00a0 [&hellip;]","og_url":"https:\/\/ftaabecar.org\/index.php\/matricula\/","og_site_name":"Faculdade Teol\u00f3gica Abecar","article_publisher":"https:\/\/www.facebook.com\/ftaabecar","article_modified_time":"2023-10-26T18:35:54+00:00","twitter_card":"summary_large_image","twitter_misc":{"Est. tempo de leitura":"1 minuto"},"schema":{"@context":"https:\/\/schema.org","@graph":[{"@type":"WebPage","@id":"https:\/\/ftaabecar.org\/index.php\/matricula\/","url":"https:\/\/ftaabecar.org\/index.php\/matricula\/","name":"Matr\u00edcula - Faculdade Teol\u00f3gica Abecar","isPartOf":{"@id":"https:\/\/ftaabecar.org\/#website"},"datePublished":"2020-09-09T17:16:33+00:00","dateModified":"2023-10-26T18:35:54+00:00","breadcrumb":{"@id":"https:\/\/ftaabecar.org\/index.php\/matricula\/#breadcrumb"},"inLanguage":"pt-BR","potentialAction":[{"@type":"ReadAction","target":["https:\/\/ftaabecar.org\/index.php\/matricula\/"]}]},{"@type":"BreadcrumbList","@id":"https:\/\/ftaabecar.org\/index.php\/matricula\/#breadcrumb","itemListElement":[{"@type":"ListItem","position":1,"name":"In\u00edcio","item":"https:\/\/ftaabecar.org\/"},{"@type":"ListItem","position":2,"name":"Matr\u00edcula"}]},{"@type":"WebSite","@id":"https:\/\/ftaabecar.org\/#website","url":"https:\/\/ftaabecar.org\/","name":"Faculdade Teol\u00f3gica Abecar","description":"Mais perto de voc\u00ea","publisher":{"@id":"https:\/\/ftaabecar.org\/#organization"},"potentialAction":[{"@type":"SearchAction","target":{"@type":"EntryPoint","urlTemplate":"https:\/\/ftaabecar.org\/?s={search_term_string}"},"query-input":{"@type":"PropertyValueSpecification","valueRequired":true,"valueName":"search_term_string"}}],"inLanguage":"pt-BR"},{"@type":"Organization","@id":"https:\/\/ftaabecar.org\/#organization","name":"Faculdade Teol\u00f3gica Abecar","url":"https:\/\/ftaabecar.org\/","logo":{"@type":"ImageObject","inLanguage":"pt-BR","@id":"https:\/\/ftaabecar.org\/#\/schema\/logo\/image\/","url":"https:\/\/ftaabecar.org\/wp-content\/uploads\/2022\/06\/Como-Estudar-2.png","contentUrl":"https:\/\/ftaabecar.org\/wp-content\/uploads\/2022\/06\/Como-Estudar-2.png","width":1080,"height":1080,"caption":"Faculdade Teol\u00f3gica Abecar"},"image":{"@id":"https:\/\/ftaabecar.org\/#\/schema\/logo\/image\/"},"sameAs":["https:\/\/www.facebook.com\/ftaabecar","https:\/\/www.instagram.com\/ftaabecar\/"]}]}},"_links":{"self":[{"href":"https:\/\/ftaabecar.org\/index.php\/wp-json\/wp\/v2\/pages\/1101","targetHints":{"allow":["GET"]}}],"collection":[{"href":"https:\/\/ftaabecar.org\/index.php\/wp-json\/wp\/v2\/pages"}],"about":[{"href":"https:\/\/ftaabecar.org\/index.php\/wp-json\/wp\/v2\/types\/page"}],"author":[{"embeddable":true,"href":"https:\/\/ftaabecar.org\/index.php\/wp-json\/wp\/v2\/users\/1"}],"replies":[{"embeddable":true,"href":"https:\/\/ftaabecar.org\/index.php\/wp-json\/wp\/v2\/comments?post=1101"}],"version-history":[{"count":24,"href":"https:\/\/ftaabecar.org\/index.php\/wp-json\/wp\/v2\/pages\/1101\/revisions"}],"predecessor-version":[{"id":1675,"href":"https:\/\/ftaabecar.org\/index.php\/wp-json\/wp\/v2\/pages\/1101\/revisions\/1675"}],"wp:attachment":[{"href":"https:\/\/ftaabecar.org\/index.php\/wp-json\/wp\/v2\/media?parent=1101"}],"curies":[{"name":"wp","href":"https:\/\/api.w.org\/{rel}","templated":true}]}}