{"id":20,"date":"2018-02-12T14:47:11","date_gmt":"2018-02-12T16:47:11","guid":{"rendered":"https:\/\/ftaabecar.org\/index.php\/about\/"},"modified":"2020-09-14T11:11:37","modified_gmt":"2020-09-14T14:11:37","slug":"sobre","status":"publish","type":"page","link":"https:\/\/ftaabecar.org\/index.php\/sobre\/","title":{"rendered":"Sobre"},"content":{"rendered":"\t\t<div data-elementor-type=\"wp-post\" data-elementor-id=\"20\" class=\"elementor elementor-20\">\n\t\t\t\t\t\t<section class=\"elementor-section elementor-top-section elementor-element elementor-element-4077da5b elementor-section-content-bottom elementor-section-boxed elementor-section-height-default elementor-section-height-default\" data-id=\"4077da5b\" data-element_type=\"section\" data-settings=\"{&quot;background_background&quot;:&quot;classic&quot;}\">\n\t\t\t\t\t\t\t<div class=\"elementor-background-overlay\"><\/div>\n\t\t\t\t\t\t\t<div class=\"elementor-container elementor-column-gap-extended\">\n\t\t\t\t\t<div class=\"elementor-column elementor-col-100 elementor-top-column elementor-element elementor-element-599a9678\" data-id=\"599a9678\" data-element_type=\"column\">\n\t\t\t<div class=\"elementor-widget-wrap elementor-element-populated\">\n\t\t\t\t\t\t<div class=\"elementor-element elementor-element-7f43309a elementor-widget elementor-widget-heading\" data-id=\"7f43309a\" data-element_type=\"widget\" data-widget_type=\"heading.default\">\n\t\t\t\t<div class=\"elementor-widget-container\">\n\t\t\t\t\t<h1 class=\"elementor-heading-title elementor-size-default\">Faculdade Teol\u00f3gica ABECAR<\/h1>\t\t\t\t<\/div>\n\t\t\t\t<\/div>\n\t\t\t\t\t<\/div>\n\t\t<\/div>\n\t\t\t\t\t<\/div>\n\t\t<\/section>\n\t\t\t\t<section class=\"elementor-section elementor-top-section elementor-element elementor-element-53b28d2d elementor-section-content-middle elementor-section-boxed elementor-section-height-default elementor-section-height-default\" data-id=\"53b28d2d\" data-element_type=\"section\">\n\t\t\t\t\t\t<div class=\"elementor-container elementor-column-gap-extended\">\n\t\t\t\t\t<div class=\"elementor-column elementor-col-100 elementor-top-column elementor-element elementor-element-1d5dcda9\" data-id=\"1d5dcda9\" data-element_type=\"column\">\n\t\t\t<div class=\"elementor-widget-wrap elementor-element-populated\">\n\t\t\t\t\t\t<div class=\"elementor-element elementor-element-3fb36a3c elementor-widget elementor-widget-heading\" data-id=\"3fb36a3c\" data-element_type=\"widget\" data-widget_type=\"heading.default\">\n\t\t\t\t<div class=\"elementor-widget-container\">\n\t\t\t\t\t<h2 class=\"elementor-heading-title elementor-size-default\">Sobre <\/h2>\t\t\t\t<\/div>\n\t\t\t\t<\/div>\n\t\t\t\t<div class=\"elementor-element elementor-element-1fa69725 elementor-widget elementor-widget-text-editor\" data-id=\"1fa69725\" data-element_type=\"widget\" data-widget_type=\"text-editor.default\">\n\t\t\t\t<div class=\"elementor-widget-container\">\n\t\t\t\t\t\t\t\t\t<p>A explos\u00e3o do movimento evang\u00e9lico na Am\u00e9rica Latina e, em especial no Brasil, cria um problema s\u00e9rio mas agrad\u00e1vel: a grande falta de pastores, l\u00edderes e obreiros para atender as igrejas novas, miss\u00f5es e organiza\u00e7\u00f5es crescentes e novas. Jovens, chefes de fam\u00edlia, profissionais, desejam melhor conhecer a Deus e sua Palavra, mas devido \u00e0s suas responsabilidades diversas n\u00e3o tem condi\u00e7\u00f5es para se deslocar at\u00e9 uma faculdade teol\u00f3gica ou semin\u00e1rio por alguns anos.\u00a0<\/p><p>Em muitos casos n\u00e3o existem tais institui\u00e7\u00f5es perto de onde os interessados moram. <span id=\"0e214ce5-958c-49af-a88d-2f6c6b66e84a\" class=\"GINGER_SOFTWARE_mark\">Qual<\/span> a solu\u00e7\u00e3o? Um Curso de Teologia que chegue at\u00e9 voc\u00ea! Em 1972 a Faculdade A.B.E.C.A.R. criou o m\u00e9todo de \u201cDistance Learning\u201d por meio de \u00e1udio cassetes e em 1981 passou a incluir v\u00eddeo filmes, em 2002 DVD e atualmente, cursos EAD. \u00a0O seu brado: \u201cA.B.E.C.A.R. \u2013 A faculdade teol\u00f3gica t\u00e3o perto quanto o seu televisor\u201d reverberou pelo Brasil inteiro e tamb\u00e9m no exterior, resultando em uma esperan\u00e7a vislumbrante por parte dos evang\u00e9licos vocacionados para a Obra de Deus. Seu slogan \u201cTreinando L\u00edderes onde est\u00e3o\u201d \u00e9 uma realidade e os mesmos podem ser encontrados em todo o territ\u00f3rio nacional e em pa\u00edses de cinco continentes. <span id=\"c2da4752-c605-47d8-b8b5-d67a9b41a4e4\" class=\"GINGER_SOFTWARE_mark\">Venha<\/span> <span id=\"b2adf307-20cb-4b39-b58a-e973eb247f82\" class=\"GINGER_SOFTWARE_mark\">estudar<\/span> <span id=\"69d5f874-5bc8-4efc-a5c6-84c2ccdda517\" class=\"GINGER_SOFTWARE_mark\">conosco<\/span>! A nossa sala de aula vai at\u00e9 voc\u00ea. Examine o nosso site para ver <span id=\"8e90b6e1-a6df-40af-96e3-a8b1e2a63598\" class=\"GINGER_SOFTWARE_mark\">como<\/span> a Faculdade Teol\u00f3gica A.B.E.C.A.R. \u00e9 a resposta de Deus \u00e0s <span id=\"95b3b56c-d2d7-44fe-b3b6-fcb51363d10e\" class=\"GINGER_SOFTWARE_mark\">suas<\/span> ora\u00e7\u00f5es!<\/p>\t\t\t\t\t\t\t\t<\/div>\n\t\t\t\t<\/div>\n\t\t\t\t\t<\/div>\n\t\t<\/div>\n\t\t\t\t\t<\/div>\n\t\t<\/section>\n\t\t\t\t<\/div>\n\t\t","protected":false},"excerpt":{"rendered":"<p>Faculdade Teol\u00f3gica ABECAR Sobre A explos\u00e3o do movimento evang\u00e9lico na Am\u00e9rica Latina e, em especial no Brasil, cria um problema s\u00e9rio mas agrad\u00e1vel: a grande falta de pastores, l\u00edderes e obreiros para atender as igrejas novas, miss\u00f5es e organiza\u00e7\u00f5es crescentes e novas. Jovens, chefes de fam\u00edlia, profissionais, desejam melhor conhecer a Deus e sua Palavra, [&hellip;]<\/p>\n","protected":false},"author":1,"featured_media":0,"parent":0,"menu_order":0,"comment_status":"closed","ping_status":"closed","template":"","meta":{"site-sidebar-layout":"no-sidebar","site-content-layout":"page-builder","ast-site-content-layout":"","site-content-style":"default","site-sidebar-style":"default","ast-global-header-display":"","ast-banner-title-visibility":"","ast-main-header-display":"","ast-hfb-above-header-display":"","ast-hfb-below-header-display":"","ast-hfb-mobile-header-display":"","site-post-title":"disabled","ast-breadcrumbs-content":"","ast-featured-img":"disabled","footer-sml-layout":"","theme-transparent-header-meta":"","adv-header-id-meta":"","stick-header-meta":"","header-above-stick-meta":"","header-main-stick-meta":"","header-below-stick-meta":"","astra-migrate-meta-layouts":"default","ast-page-background-enabled":"default","ast-page-background-meta":{"desktop":{"background-color":"var(--ast-global-color-4)","background-image":"","background-repeat":"repeat","background-position":"center center","background-size":"auto","background-attachment":"scroll","background-type":"","background-media":"","overlay-type":"","overlay-color":"","overlay-opacity":"","overlay-gradient":""},"tablet":{"background-color":"","background-image":"","background-repeat":"repeat","background-position":"center center","background-size":"auto","background-attachment":"scroll","background-type":"","background-media":"","overlay-type":"","overlay-color":"","overlay-opacity":"","overlay-gradient":""},"mobile":{"background-color":"","background-image":"","background-repeat":"repeat","background-position":"center center","background-size":"auto","background-attachment":"scroll","background-type":"","background-media":"","overlay-type":"","overlay-color":"","overlay-opacity":"","overlay-gradient":""}},"ast-content-background-meta":{"desktop":{"background-color":"var(--ast-global-color-5)","background-image":"","background-repeat":"repeat","background-position":"center center","background-size":"auto","background-attachment":"scroll","background-type":"","background-media":"","overlay-type":"","overlay-color":"","overlay-opacity":"","overlay-gradient":""},"tablet":{"background-color":"var(--ast-global-color-5)","background-image":"","background-repeat":"repeat","background-position":"center center","background-size":"auto","background-attachment":"scroll","background-type":"","background-media":"","overlay-type":"","overlay-color":"","overlay-opacity":"","overlay-gradient":""},"mobile":{"background-color":"var(--ast-global-color-5)","background-image":"","background-repeat":"repeat","background-position":"center center","background-size":"auto","background-attachment":"scroll","background-type":"","background-media":"","overlay-type":"","overlay-color":"","overlay-opacity":"","overlay-gradient":""}},"_joinchat":[],"footnotes":""},"class_list":["post-20","page","type-page","status-publish","hentry"],"yoast_head":"<!-- This site is optimized with the Yoast SEO plugin v24.1 - https:\/\/yoast.com\/wordpress\/plugins\/seo\/ -->\n<title>Sobre - Faculdade Teol\u00f3gica Abecar<\/title>\n<meta name=\"robots\" content=\"index, follow, max-snippet:-1, max-image-preview:large, max-video-preview:-1\" \/>\n<link rel=\"canonical\" href=\"https:\/\/ftaabecar.org\/index.php\/sobre\/\" \/>\n<meta property=\"og:locale\" content=\"pt_BR\" \/>\n<meta property=\"og:type\" content=\"article\" \/>\n<meta property=\"og:title\" content=\"Sobre - Faculdade Teol\u00f3gica Abecar\" \/>\n<meta property=\"og:description\" content=\"Faculdade Teol\u00f3gica ABECAR Sobre A explos\u00e3o do movimento evang\u00e9lico na Am\u00e9rica Latina e, em especial no Brasil, cria um problema s\u00e9rio mas agrad\u00e1vel: a grande falta de pastores, l\u00edderes e obreiros para atender as igrejas novas, miss\u00f5es e organiza\u00e7\u00f5es crescentes e novas. Jovens, chefes de fam\u00edlia, profissionais, desejam melhor conhecer a Deus e sua Palavra, [&hellip;]\" \/>\n<meta property=\"og:url\" content=\"https:\/\/ftaabecar.org\/index.php\/sobre\/\" \/>\n<meta property=\"og:site_name\" content=\"Faculdade Teol\u00f3gica Abecar\" \/>\n<meta property=\"article:publisher\" content=\"https:\/\/www.facebook.com\/ftaabecar\" \/>\n<meta property=\"article:modified_time\" content=\"2020-09-14T14:11:37+00:00\" \/>\n<meta name=\"twitter:card\" content=\"summary_large_image\" \/>\n<meta name=\"twitter:label1\" content=\"Est. tempo de leitura\" \/>\n\t<meta name=\"twitter:data1\" content=\"1 minuto\" \/>\n<script type=\"application\/ld+json\" class=\"yoast-schema-graph\">{\"@context\":\"https:\/\/schema.org\",\"@graph\":[{\"@type\":\"WebPage\",\"@id\":\"https:\/\/ftaabecar.org\/index.php\/sobre\/\",\"url\":\"https:\/\/ftaabecar.org\/index.php\/sobre\/\",\"name\":\"Sobre - Faculdade Teol\u00f3gica Abecar\",\"isPartOf\":{\"@id\":\"https:\/\/ftaabecar.org\/#website\"},\"datePublished\":\"2018-02-12T16:47:11+00:00\",\"dateModified\":\"2020-09-14T14:11:37+00:00\",\"breadcrumb\":{\"@id\":\"https:\/\/ftaabecar.org\/index.php\/sobre\/#breadcrumb\"},\"inLanguage\":\"pt-BR\",\"potentialAction\":[{\"@type\":\"ReadAction\",\"target\":[\"https:\/\/ftaabecar.org\/index.php\/sobre\/\"]}]},{\"@type\":\"BreadcrumbList\",\"@id\":\"https:\/\/ftaabecar.org\/index.php\/sobre\/#breadcrumb\",\"itemListElement\":[{\"@type\":\"ListItem\",\"position\":1,\"name\":\"In\u00edcio\",\"item\":\"https:\/\/ftaabecar.org\/\"},{\"@type\":\"ListItem\",\"position\":2,\"name\":\"Sobre\"}]},{\"@type\":\"WebSite\",\"@id\":\"https:\/\/ftaabecar.org\/#website\",\"url\":\"https:\/\/ftaabecar.org\/\",\"name\":\"Faculdade Teol\u00f3gica Abecar\",\"description\":\"Mais perto de voc\u00ea\",\"publisher\":{\"@id\":\"https:\/\/ftaabecar.org\/#organization\"},\"potentialAction\":[{\"@type\":\"SearchAction\",\"target\":{\"@type\":\"EntryPoint\",\"urlTemplate\":\"https:\/\/ftaabecar.org\/?s={search_term_string}\"},\"query-input\":{\"@type\":\"PropertyValueSpecification\",\"valueRequired\":true,\"valueName\":\"search_term_string\"}}],\"inLanguage\":\"pt-BR\"},{\"@type\":\"Organization\",\"@id\":\"https:\/\/ftaabecar.org\/#organization\",\"name\":\"Faculdade Teol\u00f3gica Abecar\",\"url\":\"https:\/\/ftaabecar.org\/\",\"logo\":{\"@type\":\"ImageObject\",\"inLanguage\":\"pt-BR\",\"@id\":\"https:\/\/ftaabecar.org\/#\/schema\/logo\/image\/\",\"url\":\"https:\/\/ftaabecar.org\/wp-content\/uploads\/2022\/06\/Como-Estudar-2.png\",\"contentUrl\":\"https:\/\/ftaabecar.org\/wp-content\/uploads\/2022\/06\/Como-Estudar-2.png\",\"width\":1080,\"height\":1080,\"caption\":\"Faculdade Teol\u00f3gica Abecar\"},\"image\":{\"@id\":\"https:\/\/ftaabecar.org\/#\/schema\/logo\/image\/\"},\"sameAs\":[\"https:\/\/www.facebook.com\/ftaabecar\",\"https:\/\/www.instagram.com\/ftaabecar\/\"]}]}<\/script>\n<!-- \/ Yoast SEO plugin. -->","yoast_head_json":{"title":"Sobre - Faculdade Teol\u00f3gica Abecar","robots":{"index":"index","follow":"follow","max-snippet":"max-snippet:-1","max-image-preview":"max-image-preview:large","max-video-preview":"max-video-preview:-1"},"canonical":"https:\/\/ftaabecar.org\/index.php\/sobre\/","og_locale":"pt_BR","og_type":"article","og_title":"Sobre - Faculdade Teol\u00f3gica Abecar","og_description":"Faculdade Teol\u00f3gica ABECAR Sobre A explos\u00e3o do movimento evang\u00e9lico na Am\u00e9rica Latina e, em especial no Brasil, cria um problema s\u00e9rio mas agrad\u00e1vel: a grande falta de pastores, l\u00edderes e obreiros para atender as igrejas novas, miss\u00f5es e organiza\u00e7\u00f5es crescentes e novas. Jovens, chefes de fam\u00edlia, profissionais, desejam melhor conhecer a Deus e sua Palavra, [&hellip;]","og_url":"https:\/\/ftaabecar.org\/index.php\/sobre\/","og_site_name":"Faculdade Teol\u00f3gica Abecar","article_publisher":"https:\/\/www.facebook.com\/ftaabecar","article_modified_time":"2020-09-14T14:11:37+00:00","twitter_card":"summary_large_image","twitter_misc":{"Est. tempo de leitura":"1 minuto"},"schema":{"@context":"https:\/\/schema.org","@graph":[{"@type":"WebPage","@id":"https:\/\/ftaabecar.org\/index.php\/sobre\/","url":"https:\/\/ftaabecar.org\/index.php\/sobre\/","name":"Sobre - Faculdade Teol\u00f3gica Abecar","isPartOf":{"@id":"https:\/\/ftaabecar.org\/#website"},"datePublished":"2018-02-12T16:47:11+00:00","dateModified":"2020-09-14T14:11:37+00:00","breadcrumb":{"@id":"https:\/\/ftaabecar.org\/index.php\/sobre\/#breadcrumb"},"inLanguage":"pt-BR","potentialAction":[{"@type":"ReadAction","target":["https:\/\/ftaabecar.org\/index.php\/sobre\/"]}]},{"@type":"BreadcrumbList","@id":"https:\/\/ftaabecar.org\/index.php\/sobre\/#breadcrumb","itemListElement":[{"@type":"ListItem","position":1,"name":"In\u00edcio","item":"https:\/\/ftaabecar.org\/"},{"@type":"ListItem","position":2,"name":"Sobre"}]},{"@type":"WebSite","@id":"https:\/\/ftaabecar.org\/#website","url":"https:\/\/ftaabecar.org\/","name":"Faculdade Teol\u00f3gica Abecar","description":"Mais perto de voc\u00ea","publisher":{"@id":"https:\/\/ftaabecar.org\/#organization"},"potentialAction":[{"@type":"SearchAction","target":{"@type":"EntryPoint","urlTemplate":"https:\/\/ftaabecar.org\/?s={search_term_string}"},"query-input":{"@type":"PropertyValueSpecification","valueRequired":true,"valueName":"search_term_string"}}],"inLanguage":"pt-BR"},{"@type":"Organization","@id":"https:\/\/ftaabecar.org\/#organization","name":"Faculdade Teol\u00f3gica Abecar","url":"https:\/\/ftaabecar.org\/","logo":{"@type":"ImageObject","inLanguage":"pt-BR","@id":"https:\/\/ftaabecar.org\/#\/schema\/logo\/image\/","url":"https:\/\/ftaabecar.org\/wp-content\/uploads\/2022\/06\/Como-Estudar-2.png","contentUrl":"https:\/\/ftaabecar.org\/wp-content\/uploads\/2022\/06\/Como-Estudar-2.png","width":1080,"height":1080,"caption":"Faculdade Teol\u00f3gica Abecar"},"image":{"@id":"https:\/\/ftaabecar.org\/#\/schema\/logo\/image\/"},"sameAs":["https:\/\/www.facebook.com\/ftaabecar","https:\/\/www.instagram.com\/ftaabecar\/"]}]}},"_links":{"self":[{"href":"https:\/\/ftaabecar.org\/index.php\/wp-json\/wp\/v2\/pages\/20","targetHints":{"allow":["GET"]}}],"collection":[{"href":"https:\/\/ftaabecar.org\/index.php\/wp-json\/wp\/v2\/pages"}],"about":[{"href":"https:\/\/ftaabecar.org\/index.php\/wp-json\/wp\/v2\/types\/page"}],"author":[{"embeddable":true,"href":"https:\/\/ftaabecar.org\/index.php\/wp-json\/wp\/v2\/users\/1"}],"replies":[{"embeddable":true,"href":"https:\/\/ftaabecar.org\/index.php\/wp-json\/wp\/v2\/comments?post=20"}],"version-history":[{"count":0,"href":"https:\/\/ftaabecar.org\/index.php\/wp-json\/wp\/v2\/pages\/20\/revisions"}],"wp:attachment":[{"href":"https:\/\/ftaabecar.org\/index.php\/wp-json\/wp\/v2\/media?parent=20"}],"curies":[{"name":"wp","href":"https:\/\/api.w.org\/{rel}","templated":true}]}}