{"id":952,"date":"2020-09-08T11:40:26","date_gmt":"2020-09-08T14:40:26","guid":{"rendered":"https:\/\/ftaabecar.org\/?page_id=952"},"modified":"2020-09-15T13:32:04","modified_gmt":"2020-09-15T16:32:04","slug":"testemunhos-2","status":"publish","type":"page","link":"https:\/\/ftaabecar.org\/index.php\/testemunhos-2\/","title":{"rendered":"Testemunhos"},"content":{"rendered":"\t\t<div data-elementor-type=\"wp-post\" data-elementor-id=\"952\" class=\"elementor elementor-952\">\n\t\t\t\t\t\t<section class=\"elementor-section elementor-top-section elementor-element elementor-element-4077da5b elementor-section-content-bottom elementor-section-boxed elementor-section-height-default elementor-section-height-default\" data-id=\"4077da5b\" data-element_type=\"section\" data-settings=\"{&quot;background_background&quot;:&quot;classic&quot;}\">\n\t\t\t\t\t\t\t<div class=\"elementor-background-overlay\"><\/div>\n\t\t\t\t\t\t\t<div class=\"elementor-container elementor-column-gap-extended\">\n\t\t\t\t\t<div class=\"elementor-column elementor-col-100 elementor-top-column elementor-element elementor-element-599a9678\" data-id=\"599a9678\" data-element_type=\"column\">\n\t\t\t<div class=\"elementor-widget-wrap elementor-element-populated\">\n\t\t\t\t\t\t<div class=\"elementor-element elementor-element-7f43309a elementor-widget elementor-widget-heading\" data-id=\"7f43309a\" data-element_type=\"widget\" data-widget_type=\"heading.default\">\n\t\t\t\t<div class=\"elementor-widget-container\">\n\t\t\t\t\t<h1 class=\"elementor-heading-title elementor-size-default\">Testemunhos<\/h1>\t\t\t\t<\/div>\n\t\t\t\t<\/div>\n\t\t\t\t\t<\/div>\n\t\t<\/div>\n\t\t\t\t\t<\/div>\n\t\t<\/section>\n\t\t\t\t<section class=\"elementor-section elementor-top-section elementor-element elementor-element-53b28d2d elementor-section-content-middle elementor-section-boxed elementor-section-height-default elementor-section-height-default\" data-id=\"53b28d2d\" data-element_type=\"section\">\n\t\t\t\t\t\t<div class=\"elementor-container elementor-column-gap-extended\">\n\t\t\t\t\t<div class=\"elementor-column elementor-col-100 elementor-top-column elementor-element elementor-element-1d5dcda9\" data-id=\"1d5dcda9\" data-element_type=\"column\">\n\t\t\t<div class=\"elementor-widget-wrap elementor-element-populated\">\n\t\t\t\t\t\t<div class=\"elementor-element elementor-element-3fb36a3c elementor-widget elementor-widget-heading\" data-id=\"3fb36a3c\" data-element_type=\"widget\" data-widget_type=\"heading.default\">\n\t\t\t\t<div class=\"elementor-widget-container\">\n\t\t\t\t\t<h3 class=\"elementor-heading-title elementor-size-default\">Cada testemunho faz parte da nossa hist\u00f3ria<\/h3>\t\t\t\t<\/div>\n\t\t\t\t<\/div>\n\t\t\t\t<section class=\"elementor-section elementor-inner-section elementor-element elementor-element-5e87f78 elementor-section-boxed elementor-section-height-default elementor-section-height-default\" data-id=\"5e87f78\" data-element_type=\"section\">\n\t\t\t\t\t\t<div class=\"elementor-container elementor-column-gap-default\">\n\t\t\t\t\t<div class=\"elementor-column elementor-col-50 elementor-inner-column elementor-element elementor-element-d0eb746\" data-id=\"d0eb746\" data-element_type=\"column\">\n\t\t\t<div class=\"elementor-widget-wrap elementor-element-populated\">\n\t\t\t\t\t\t<div class=\"elementor-element elementor-element-e698797 elementor-widget elementor-widget-text-editor\" data-id=\"e698797\" data-element_type=\"widget\" data-widget_type=\"text-editor.default\">\n\t\t\t\t<div class=\"elementor-widget-container\">\n\t\t\t\t\t\t\t\t\t<p>&#8220;Quero mais uma vez, expressar ao meu irm\u00e3o meu agradecimento pela oportunidade de ter cursado e conclu\u00eddo o Curso de Mestrado em Psicologia Pastoral junto \u00e0 esta Faculdade, e registro minha gratid\u00e3o por tudo o que tem sido feito em meu favor&#8221;. Pastor Edson Raposo Belchior &#8211; Esp\u00edrito Santo.<\/p><p>&#8220;&#8230;Sou muito grato a A.B.E.C.A.R. pela oportunidade que me foi concedida em poder realizar meu curso de Mestrado. Ap\u00f3s concluir meu segundo mestrado, desta vez com a A.B.E.C.A.R., continuei com meus preparativos para poder melhor servir ao Senhor. Desta vez iniciei o doutorado na \u00e1rea de Aconselhamento&#8221;. Reverendo Samuel Sakuma, Pastor e Professor de Teologia.<\/p>\t\t\t\t\t\t\t\t<\/div>\n\t\t\t\t<\/div>\n\t\t\t\t\t<\/div>\n\t\t<\/div>\n\t\t\t\t<div class=\"elementor-column elementor-col-50 elementor-inner-column elementor-element elementor-element-3475484\" data-id=\"3475484\" data-element_type=\"column\">\n\t\t\t<div class=\"elementor-widget-wrap elementor-element-populated\">\n\t\t\t\t\t\t<div class=\"elementor-element elementor-element-d06f120 elementor-widget elementor-widget-text-editor\" data-id=\"d06f120\" data-element_type=\"widget\" data-widget_type=\"text-editor.default\">\n\t\t\t\t<div class=\"elementor-widget-container\">\n\t\t\t\t\t\t\t\t\t<p>&#8220;&#8230;Tendo demonstrado o desejo de continuar seus estudos no n\u00edvel de Mestrado e depois de parecer favor\u00e1vel de Junta Teol\u00f3gica da CBA, a Conven\u00e7\u00e3o Baptista de Angola vem por meio desta recomendar o Reverendo Jo\u00e3o C\u00e9sar, como bolsista desta Organiza\u00e7\u00e3o \u00e1 vossa Institui\u00e7\u00e3o. Ele \u00e9 Pastor da Primeira Igreja Baptista em Luanda e Professor do Semin\u00e1rio Teol\u00f3gico Baptista da CBGA em Luanda&#8221;. O Reverendo Jo\u00e3o C\u00e9sar formou-se na (Faculdade Teol\u00f3gica)\u00a0A.B.E.C.A.R., com o Diploma de MESTRADO na \u00e1rea de Estudos Teol\u00f3gicos. Reverendo Jo\u00e3o C\u00e9sar continua seus estudos, agora no DOCTOR OF MINISTRY PROGRAM, no TRUETT Seminary, Baylor University, em Waco Texas.<\/p><p>&#8220;Recebi a informa\u00e7\u00e3o de Fresno Pacific Univerity que ir\u00e3o considerar os cr\u00e9ditos das disciplinas que cursei junto a A.B.E.C.A.R. no n\u00edvel de Mestrado, o que enaltece o trabalho realizado por esta Institui\u00e7\u00e3o&#8221;. Pastor Ernest Werner Janzen, autor do livro &#8220;RUMO AO ALTAR&#8221; (Editora Esperan\u00e7a).<\/p><p>\u00a0<\/p>\t\t\t\t\t\t\t\t<\/div>\n\t\t\t\t<\/div>\n\t\t\t\t\t<\/div>\n\t\t<\/div>\n\t\t\t\t\t<\/div>\n\t\t<\/section>\n\t\t\t\t<section class=\"elementor-section elementor-inner-section elementor-element elementor-element-4dffb77 elementor-section-boxed elementor-section-height-default elementor-section-height-default\" data-id=\"4dffb77\" data-element_type=\"section\">\n\t\t\t\t\t\t<div class=\"elementor-container elementor-column-gap-default\">\n\t\t\t\t\t<div class=\"elementor-column elementor-col-50 elementor-inner-column elementor-element elementor-element-45fa875\" data-id=\"45fa875\" data-element_type=\"column\">\n\t\t\t<div class=\"elementor-widget-wrap elementor-element-populated\">\n\t\t\t\t\t\t\t<\/div>\n\t\t<\/div>\n\t\t\t\t<div class=\"elementor-column elementor-col-50 elementor-inner-column elementor-element elementor-element-b0f8270\" data-id=\"b0f8270\" data-element_type=\"column\">\n\t\t\t<div class=\"elementor-widget-wrap elementor-element-populated\">\n\t\t\t\t\t\t\t<\/div>\n\t\t<\/div>\n\t\t\t\t\t<\/div>\n\t\t<\/section>\n\t\t\t\t<section class=\"elementor-section elementor-inner-section elementor-element elementor-element-4bfb19a9 elementor-section-content-top elementor-section-boxed elementor-section-height-default elementor-section-height-default\" data-id=\"4bfb19a9\" data-element_type=\"section\">\n\t\t\t\t\t\t<div class=\"elementor-container elementor-column-gap-no\">\n\t\t\t\t\t<div class=\"elementor-column elementor-col-50 elementor-inner-column elementor-element elementor-element-1cb47a82\" data-id=\"1cb47a82\" data-element_type=\"column\">\n\t\t\t<div class=\"elementor-widget-wrap elementor-element-populated\">\n\t\t\t\t\t\t\t<\/div>\n\t\t<\/div>\n\t\t\t\t<div class=\"elementor-column elementor-col-50 elementor-inner-column elementor-element elementor-element-5612b40e\" data-id=\"5612b40e\" data-element_type=\"column\">\n\t\t\t<div class=\"elementor-widget-wrap\">\n\t\t\t\t\t\t\t<\/div>\n\t\t<\/div>\n\t\t\t\t\t<\/div>\n\t\t<\/section>\n\t\t\t\t<section class=\"elementor-section elementor-inner-section elementor-element elementor-element-2c0804c elementor-section-content-top elementor-section-boxed elementor-section-height-default elementor-section-height-default\" data-id=\"2c0804c\" data-element_type=\"section\">\n\t\t\t\t\t\t<div class=\"elementor-container elementor-column-gap-no\">\n\t\t\t\t\t<div class=\"elementor-column elementor-col-50 elementor-inner-column elementor-element elementor-element-02d38d5\" data-id=\"02d38d5\" data-element_type=\"column\">\n\t\t\t<div class=\"elementor-widget-wrap elementor-element-populated\">\n\t\t\t\t\t\t\t<\/div>\n\t\t<\/div>\n\t\t\t\t<div class=\"elementor-column elementor-col-50 elementor-inner-column elementor-element elementor-element-e94c38d\" data-id=\"e94c38d\" data-element_type=\"column\">\n\t\t\t<div class=\"elementor-widget-wrap\">\n\t\t\t\t\t\t\t<\/div>\n\t\t<\/div>\n\t\t\t\t\t<\/div>\n\t\t<\/section>\n\t\t\t\t\t<\/div>\n\t\t<\/div>\n\t\t\t\t\t<\/div>\n\t\t<\/section>\n\t\t\t\t<\/div>\n\t\t","protected":false},"excerpt":{"rendered":"<p>Testemunhos Cada testemunho faz parte da nossa hist\u00f3ria &#8220;Quero mais uma vez, expressar ao meu irm\u00e3o meu agradecimento pela oportunidade de ter cursado e conclu\u00eddo o Curso de Mestrado em Psicologia Pastoral junto \u00e0 esta Faculdade, e registro minha gratid\u00e3o por tudo o que tem sido feito em meu favor&#8221;. Pastor Edson Raposo Belchior &#8211; [&hellip;]<\/p>\n","protected":false},"author":1,"featured_media":0,"parent":0,"menu_order":0,"comment_status":"closed","ping_status":"closed","template":"","meta":{"site-sidebar-layout":"no-sidebar","site-content-layout":"page-builder","ast-site-content-layout":"","site-content-style":"default","site-sidebar-style":"default","ast-global-header-display":"","ast-banner-title-visibility":"","ast-main-header-display":"","ast-hfb-above-header-display":"","ast-hfb-below-header-display":"","ast-hfb-mobile-header-display":"","site-post-title":"disabled","ast-breadcrumbs-content":"","ast-featured-img":"disabled","footer-sml-layout":"","theme-transparent-header-meta":"","adv-header-id-meta":"","stick-header-meta":"","header-above-stick-meta":"","header-main-stick-meta":"","header-below-stick-meta":"","astra-migrate-meta-layouts":"default","ast-page-background-enabled":"default","ast-page-background-meta":{"desktop":{"background-color":"var(--ast-global-color-4)","background-image":"","background-repeat":"repeat","background-position":"center center","background-size":"auto","background-attachment":"scroll","background-type":"","background-media":"","overlay-type":"","overlay-color":"","overlay-opacity":"","overlay-gradient":""},"tablet":{"background-color":"","background-image":"","background-repeat":"repeat","background-position":"center center","background-size":"auto","background-attachment":"scroll","background-type":"","background-media":"","overlay-type":"","overlay-color":"","overlay-opacity":"","overlay-gradient":""},"mobile":{"background-color":"","background-image":"","background-repeat":"repeat","background-position":"center center","background-size":"auto","background-attachment":"scroll","background-type":"","background-media":"","overlay-type":"","overlay-color":"","overlay-opacity":"","overlay-gradient":""}},"ast-content-background-meta":{"desktop":{"background-color":"var(--ast-global-color-5)","background-image":"","background-repeat":"repeat","background-position":"center center","background-size":"auto","background-attachment":"scroll","background-type":"","background-media":"","overlay-type":"","overlay-color":"","overlay-opacity":"","overlay-gradient":""},"tablet":{"background-color":"var(--ast-global-color-5)","background-image":"","background-repeat":"repeat","background-position":"center center","background-size":"auto","background-attachment":"scroll","background-type":"","background-media":"","overlay-type":"","overlay-color":"","overlay-opacity":"","overlay-gradient":""},"mobile":{"background-color":"var(--ast-global-color-5)","background-image":"","background-repeat":"repeat","background-position":"center center","background-size":"auto","background-attachment":"scroll","background-type":"","background-media":"","overlay-type":"","overlay-color":"","overlay-opacity":"","overlay-gradient":""}},"_joinchat":[],"footnotes":""},"class_list":["post-952","page","type-page","status-publish","hentry"],"yoast_head":"<!-- This site is optimized with the Yoast SEO plugin v24.1 - https:\/\/yoast.com\/wordpress\/plugins\/seo\/ -->\n<title>Testemunhos - Faculdade Teol\u00f3gica Abecar<\/title>\n<meta name=\"robots\" content=\"index, follow, max-snippet:-1, max-image-preview:large, max-video-preview:-1\" \/>\n<link rel=\"canonical\" href=\"https:\/\/ftaabecar.org\/index.php\/testemunhos-2\/\" \/>\n<meta property=\"og:locale\" content=\"pt_BR\" \/>\n<meta property=\"og:type\" content=\"article\" \/>\n<meta property=\"og:title\" content=\"Testemunhos - Faculdade Teol\u00f3gica Abecar\" \/>\n<meta property=\"og:description\" content=\"Testemunhos Cada testemunho faz parte da nossa hist\u00f3ria &#8220;Quero mais uma vez, expressar ao meu irm\u00e3o meu agradecimento pela oportunidade de ter cursado e conclu\u00eddo o Curso de Mestrado em Psicologia Pastoral junto \u00e0 esta Faculdade, e registro minha gratid\u00e3o por tudo o que tem sido feito em meu favor&#8221;. Pastor Edson Raposo Belchior &#8211; [&hellip;]\" \/>\n<meta property=\"og:url\" content=\"https:\/\/ftaabecar.org\/index.php\/testemunhos-2\/\" \/>\n<meta property=\"og:site_name\" content=\"Faculdade Teol\u00f3gica Abecar\" \/>\n<meta property=\"article:publisher\" content=\"https:\/\/www.facebook.com\/ftaabecar\" \/>\n<meta property=\"article:modified_time\" content=\"2020-09-15T16:32:04+00:00\" \/>\n<meta name=\"twitter:card\" content=\"summary_large_image\" \/>\n<meta name=\"twitter:label1\" content=\"Est. tempo de leitura\" \/>\n\t<meta name=\"twitter:data1\" content=\"2 minutos\" \/>\n<script type=\"application\/ld+json\" class=\"yoast-schema-graph\">{\"@context\":\"https:\/\/schema.org\",\"@graph\":[{\"@type\":\"WebPage\",\"@id\":\"https:\/\/ftaabecar.org\/index.php\/testemunhos-2\/\",\"url\":\"https:\/\/ftaabecar.org\/index.php\/testemunhos-2\/\",\"name\":\"Testemunhos - Faculdade Teol\u00f3gica Abecar\",\"isPartOf\":{\"@id\":\"https:\/\/ftaabecar.org\/#website\"},\"datePublished\":\"2020-09-08T14:40:26+00:00\",\"dateModified\":\"2020-09-15T16:32:04+00:00\",\"breadcrumb\":{\"@id\":\"https:\/\/ftaabecar.org\/index.php\/testemunhos-2\/#breadcrumb\"},\"inLanguage\":\"pt-BR\",\"potentialAction\":[{\"@type\":\"ReadAction\",\"target\":[\"https:\/\/ftaabecar.org\/index.php\/testemunhos-2\/\"]}]},{\"@type\":\"BreadcrumbList\",\"@id\":\"https:\/\/ftaabecar.org\/index.php\/testemunhos-2\/#breadcrumb\",\"itemListElement\":[{\"@type\":\"ListItem\",\"position\":1,\"name\":\"In\u00edcio\",\"item\":\"https:\/\/ftaabecar.org\/\"},{\"@type\":\"ListItem\",\"position\":2,\"name\":\"Testemunhos\"}]},{\"@type\":\"WebSite\",\"@id\":\"https:\/\/ftaabecar.org\/#website\",\"url\":\"https:\/\/ftaabecar.org\/\",\"name\":\"Faculdade Teol\u00f3gica Abecar\",\"description\":\"Mais perto de voc\u00ea\",\"publisher\":{\"@id\":\"https:\/\/ftaabecar.org\/#organization\"},\"potentialAction\":[{\"@type\":\"SearchAction\",\"target\":{\"@type\":\"EntryPoint\",\"urlTemplate\":\"https:\/\/ftaabecar.org\/?s={search_term_string}\"},\"query-input\":{\"@type\":\"PropertyValueSpecification\",\"valueRequired\":true,\"valueName\":\"search_term_string\"}}],\"inLanguage\":\"pt-BR\"},{\"@type\":\"Organization\",\"@id\":\"https:\/\/ftaabecar.org\/#organization\",\"name\":\"Faculdade Teol\u00f3gica Abecar\",\"url\":\"https:\/\/ftaabecar.org\/\",\"logo\":{\"@type\":\"ImageObject\",\"inLanguage\":\"pt-BR\",\"@id\":\"https:\/\/ftaabecar.org\/#\/schema\/logo\/image\/\",\"url\":\"https:\/\/ftaabecar.org\/wp-content\/uploads\/2022\/06\/Como-Estudar-2.png\",\"contentUrl\":\"https:\/\/ftaabecar.org\/wp-content\/uploads\/2022\/06\/Como-Estudar-2.png\",\"width\":1080,\"height\":1080,\"caption\":\"Faculdade Teol\u00f3gica Abecar\"},\"image\":{\"@id\":\"https:\/\/ftaabecar.org\/#\/schema\/logo\/image\/\"},\"sameAs\":[\"https:\/\/www.facebook.com\/ftaabecar\",\"https:\/\/www.instagram.com\/ftaabecar\/\"]}]}<\/script>\n<!-- \/ Yoast SEO plugin. -->","yoast_head_json":{"title":"Testemunhos - Faculdade Teol\u00f3gica Abecar","robots":{"index":"index","follow":"follow","max-snippet":"max-snippet:-1","max-image-preview":"max-image-preview:large","max-video-preview":"max-video-preview:-1"},"canonical":"https:\/\/ftaabecar.org\/index.php\/testemunhos-2\/","og_locale":"pt_BR","og_type":"article","og_title":"Testemunhos - Faculdade Teol\u00f3gica Abecar","og_description":"Testemunhos Cada testemunho faz parte da nossa hist\u00f3ria &#8220;Quero mais uma vez, expressar ao meu irm\u00e3o meu agradecimento pela oportunidade de ter cursado e conclu\u00eddo o Curso de Mestrado em Psicologia Pastoral junto \u00e0 esta Faculdade, e registro minha gratid\u00e3o por tudo o que tem sido feito em meu favor&#8221;. Pastor Edson Raposo Belchior &#8211; [&hellip;]","og_url":"https:\/\/ftaabecar.org\/index.php\/testemunhos-2\/","og_site_name":"Faculdade Teol\u00f3gica Abecar","article_publisher":"https:\/\/www.facebook.com\/ftaabecar","article_modified_time":"2020-09-15T16:32:04+00:00","twitter_card":"summary_large_image","twitter_misc":{"Est. tempo de leitura":"2 minutos"},"schema":{"@context":"https:\/\/schema.org","@graph":[{"@type":"WebPage","@id":"https:\/\/ftaabecar.org\/index.php\/testemunhos-2\/","url":"https:\/\/ftaabecar.org\/index.php\/testemunhos-2\/","name":"Testemunhos - Faculdade Teol\u00f3gica Abecar","isPartOf":{"@id":"https:\/\/ftaabecar.org\/#website"},"datePublished":"2020-09-08T14:40:26+00:00","dateModified":"2020-09-15T16:32:04+00:00","breadcrumb":{"@id":"https:\/\/ftaabecar.org\/index.php\/testemunhos-2\/#breadcrumb"},"inLanguage":"pt-BR","potentialAction":[{"@type":"ReadAction","target":["https:\/\/ftaabecar.org\/index.php\/testemunhos-2\/"]}]},{"@type":"BreadcrumbList","@id":"https:\/\/ftaabecar.org\/index.php\/testemunhos-2\/#breadcrumb","itemListElement":[{"@type":"ListItem","position":1,"name":"In\u00edcio","item":"https:\/\/ftaabecar.org\/"},{"@type":"ListItem","position":2,"name":"Testemunhos"}]},{"@type":"WebSite","@id":"https:\/\/ftaabecar.org\/#website","url":"https:\/\/ftaabecar.org\/","name":"Faculdade Teol\u00f3gica Abecar","description":"Mais perto de voc\u00ea","publisher":{"@id":"https:\/\/ftaabecar.org\/#organization"},"potentialAction":[{"@type":"SearchAction","target":{"@type":"EntryPoint","urlTemplate":"https:\/\/ftaabecar.org\/?s={search_term_string}"},"query-input":{"@type":"PropertyValueSpecification","valueRequired":true,"valueName":"search_term_string"}}],"inLanguage":"pt-BR"},{"@type":"Organization","@id":"https:\/\/ftaabecar.org\/#organization","name":"Faculdade Teol\u00f3gica Abecar","url":"https:\/\/ftaabecar.org\/","logo":{"@type":"ImageObject","inLanguage":"pt-BR","@id":"https:\/\/ftaabecar.org\/#\/schema\/logo\/image\/","url":"https:\/\/ftaabecar.org\/wp-content\/uploads\/2022\/06\/Como-Estudar-2.png","contentUrl":"https:\/\/ftaabecar.org\/wp-content\/uploads\/2022\/06\/Como-Estudar-2.png","width":1080,"height":1080,"caption":"Faculdade Teol\u00f3gica Abecar"},"image":{"@id":"https:\/\/ftaabecar.org\/#\/schema\/logo\/image\/"},"sameAs":["https:\/\/www.facebook.com\/ftaabecar","https:\/\/www.instagram.com\/ftaabecar\/"]}]}},"_links":{"self":[{"href":"https:\/\/ftaabecar.org\/index.php\/wp-json\/wp\/v2\/pages\/952","targetHints":{"allow":["GET"]}}],"collection":[{"href":"https:\/\/ftaabecar.org\/index.php\/wp-json\/wp\/v2\/pages"}],"about":[{"href":"https:\/\/ftaabecar.org\/index.php\/wp-json\/wp\/v2\/types\/page"}],"author":[{"embeddable":true,"href":"https:\/\/ftaabecar.org\/index.php\/wp-json\/wp\/v2\/users\/1"}],"replies":[{"embeddable":true,"href":"https:\/\/ftaabecar.org\/index.php\/wp-json\/wp\/v2\/comments?post=952"}],"version-history":[{"count":0,"href":"https:\/\/ftaabecar.org\/index.php\/wp-json\/wp\/v2\/pages\/952\/revisions"}],"wp:attachment":[{"href":"https:\/\/ftaabecar.org\/index.php\/wp-json\/wp\/v2\/media?parent=952"}],"curies":[{"name":"wp","href":"https:\/\/api.w.org\/{rel}","templated":true}]}}